{"id":45115,"date":"2025-01-15T15:36:37","date_gmt":"2025-01-15T20:36:37","guid":{"rendered":"https:\/\/networklobby.org\/agenda-de-una-economia-para-todos\/"},"modified":"2025-09-16T13:01:30","modified_gmt":"2025-09-16T17:01:30","slug":"agenda-de-una-economia-para-todos","status":"publish","type":"page","link":"https:\/\/networklobby.org\/es\/agenda-de-una-economia-para-todos\/","title":{"rendered":"Agenda de una econom\u00eda para todos"},"content":{"rendered":"<div class=\"wpb-content-wrapper\">[vc_row css=\u00bb.vc_custom_1750266803862{margin-bottom: -50px !important;}\u00bb][vc_column][vc_row_inner el_class=\u00bbholder\u00bb][vc_column_inner width=\u00bb1\/2&#8243;][vc_single_image image=\u00bb45118&#8243; img_size=\u00bbfull\u00bb css=\u00bb.vc_custom_1750266026155{margin-top: 30px !important;}\u00bb][vc_column_text css=\u00bb.vc_custom_1750268935440{padding-top: 20px !important;padding-bottom: 20px !important;}\u00bb]<em>Durante d\u00e9cadas, las Hermanas Cat\u00f3licas y los buscadores de justicia llenos de fe han elegido la solidaridad con los trabajadores y el amor al pr\u00f3jimo. Hoy, transmitimos este Esp\u00edritu con todos los que se preocupan por el bien com\u00fan. Reconocemos que nuestra econom\u00eda influye en todos los aspectos de nuestras vidas y exigimos pol\u00edticas federales que reflejen nuestra dignidad y nos proporcionen lo que necesitamos y merecemos: <strong>Una econom\u00eda para todos<\/strong>.  <\/em>[\/vc_column_text][vc_single_image image=\u00bb45127&#8243; img_size=\u00bbfull\u00bb alignment=\u00bbcenter\u00bb css=\u00bb\u00bb][vc_column_text css=\u00bb.vc_custom_1750341469580{padding-top: 22px !important;}\u00bb]La agenda pol\u00edtica de NETWORK Una econom\u00eda para todos exige: empleos con permisos remunerados y salarios que cubran nuestras facturas, jubilaci\u00f3n y m\u00e1s; vivienda, alimentos y atenci\u00f3n m\u00e9dica asequibles; vecindarios seguros y acogedores; aire y agua limpios; un c\u00f3digo tributario que garantice que los ricos paguen su parte justa; un sistema de inmigraci\u00f3n justo y humano; y una pol\u00edtica que responda a las personas, no al dinero.[\/vc_column_text][vc_empty_space][\/vc_column_inner][vc_column_inner width=\u00bb1\/2&#8243;][vc_column_text css=\u00bb.vc_custom_1750334632335{margin-top: 30px !important;padding-top: 10px !important;}\u00bb]<a href=\"https:\/\/networklobby.org\/wp-content\/uploads\/2025\/06\/paid-leave-pocket.png\"><img loading=\"lazy\" decoding=\"async\" class=\" wp-image-44471 alignleft\" src=\"https:\/\/networklobby.org\/wp-content\/uploads\/2025\/06\/paid-leave-pocket.png\" alt=\"Una econom\u00eda para todos Empleos con icono de permiso remunerado\" width=\"69\" height=\"69\" srcset=\"https:\/\/media.networklobby.org\/uploads\/2025\/06\/paid-leave-pocket.png 250w, https:\/\/media.networklobby.org\/uploads\/2025\/06\/paid-leave-pocket-150x150.png 150w\" sizes=\"auto, (max-width: 69px) 100vw, 69px\" \/><\/a>Ya seamos enfermeros o trabajadores agr\u00edcolas, soldadores o programadores, estudiantes o jubilados, somos resilientes y nos cuidamos unos a otros. Cuando el dinero escasea, encontramos la manera de salir adelante. Pero merecemos m\u00e1s que eso. Estamos hechos a imagen de Dios y merecemos prosperar, no solo sobrevivir.   <\/p>\n<p><a href=\"https:\/\/networklobby.org\/wp-content\/uploads\/2025\/06\/tax-pocket.png\"><img loading=\"lazy\" decoding=\"async\" class=\"wp-image-44499 alignleft\" src=\"https:\/\/networklobby.org\/wp-content\/uploads\/2025\/06\/tax-pocket.png\" alt=\"\" width=\"77\" height=\"77\" srcset=\"https:\/\/media.networklobby.org\/uploads\/2025\/06\/tax-pocket.png 250w, https:\/\/media.networklobby.org\/uploads\/2025\/06\/tax-pocket-150x150.png 150w\" sizes=\"auto, (max-width: 77px) 100vw, 77px\" \/><\/a>Pero una y otra vez, algunos pol\u00edticos codiciosos se ponen del lado de los ultrarricos, permiti\u00e9ndoles influir en nuestra pol\u00edtica, contaminar nuestros vecindarios y enriquecerse con nuestro arduo trabajo, permitiendo que los directores ejecutivos ganen 290 veces m\u00e1s que el salario promedio de los trabajadores. Para distraernos de los problemas que crean los pocos poderosos, culpan a los trabajadores con salarios bajos, a las familias inmigrantes trabajadoras y a nuestros vecinos transg\u00e9nero. En lugar de hacer que los ultrarricos paguen lo que deben en impuestos, estos legisladores buscan recortar nuestra atenci\u00f3n m\u00e9dica y quitarnos la comida de nuestras mesas. Esto es inmoral.[\/vc_column_text][vc_empty_space height=\u00bb15&#8243;][vc_column_text css=\u00bb.vc_custom_1750335766328{margin-bottom: 10px !important;}\u00bb]<a href=\"https:\/\/networklobby.org\/wp-content\/uploads\/2025\/06\/politics-by-the-people.png\"><img loading=\"lazy\" decoding=\"async\" class=\"wp-image-44498 alignleft\" src=\"https:\/\/networklobby.org\/wp-content\/uploads\/2025\/06\/politics-by-the-people.png\" alt=\"\" width=\"75\" height=\"75\" srcset=\"https:\/\/media.networklobby.org\/uploads\/2025\/06\/politics-by-the-people.png 250w, https:\/\/media.networklobby.org\/uploads\/2025\/06\/politics-by-the-people-150x150.png 150w\" sizes=\"auto, (max-width: 75px) 100vw, 75px\" \/><\/a>Cuando vivimos estos valores juntos, ganamos, como cuando garantizamos la protecci\u00f3n de los trabajadores en la era de los derechos civiles, los cheques mensuales y otras ayudas durante la COVID con la Ley del Plan de Rescate Estadounidense, y la atenci\u00f3n m\u00e9dica a millones de personas con la Ley de Atenci\u00f3n M\u00e9dica Asequible.[\/vc_column_text][vc_btn title=\u00bbUNA ECONOM\u00cdA PARA TODOS PDF\u00bb style=\u00bbcustom\u00bb custom_background=\u00bb#F26724&#8243; custom_text=\u00bb#FFFFFF\u00bb shape=\u00bbsquare\u00bb size=\u00bblg\u00bb align=\u00bbcenter\u00bb css=\u00bb.vc_custom_1750335601761{margin-top: 20px !important;margin-bottom: 20px !important;}\u00bb link=\u00bburl:https%3A%2F%2Fnetworklobby.org%2Fwp-content%2Fuploads%2F2025%2F06%2FAn-Economy-for-All-One-pager.pdf|target:_blank|\u00bb][vc_empty_space height=\u00bb30&#8243;][\/vc_column_inner][\/vc_row_inner][\/vc_column][\/vc_row][vc_row css=\u00bb.vc_custom_1750335144215{margin-top: 20px !important;margin-right: 40px !important;margin-left: 40px !important;}\u00bb][vc_column][vc_custom_heading text=\u00bbCarteles de protesta para cat\u00f3licos y buscadores de justicia llenos de esp\u00edritu\u00bb font_container=\u00bbtag:h6|text_align:left|color:%23FFFFFF\u00bb use_theme_fonts=\u00bbyes\u00bb css=\u00bb.vc_custom_1750338224362{margin-top: 40px !important;padding-right: 20px !important;padding-left: 20px !important;background-color: #0B052E !important;border-color: #0B052E !important;}\u00bb][vc_column_text css=\u00bb.vc_custom_1750336298480{padding-top: 22px !important;}\u00bb]\n<table style=\"border-collapse: collapse; width: 100%;\">\n<tbody>\n<tr>\n<td style=\"width: 33.3333%; text-align: center; vertical-align: top;\">\n<div id=\"attachment_44437\" style=\"width: 220px\" class=\"wp-caption aligncenter\"><a href=\"https:\/\/networklobby.org\/wp-content\/uploads\/2025\/06\/Economy-for-All-Protest-Signs-White-Background-17-x-11-in-7.pdf\"><img loading=\"lazy\" decoding=\"async\" aria-describedby=\"caption-attachment-44437\" class=\"wp-image-44437\" src=\"https:\/\/networklobby.org\/wp-content\/uploads\/2025\/06\/19-300x251.png\" alt=\"Muestre este cartel de protesta en su ventana, jard\u00edn o ll\u00e9velo con usted a protestas y vigilias\" width=\"210\" height=\"176\" srcset=\"https:\/\/media.networklobby.org\/uploads\/2025\/06\/19-300x251.png 300w, https:\/\/media.networklobby.org\/uploads\/2025\/06\/19-768x644.png 768w, https:\/\/media.networklobby.org\/uploads\/2025\/06\/19-624x523.png 624w, https:\/\/media.networklobby.org\/uploads\/2025\/06\/19.png 940w\" sizes=\"auto, (max-width: 210px) 100vw, 210px\" \/><\/a><p id=\"caption-attachment-44437\" class=\"wp-caption-text\"><strong>Haga clic para descargar<\/strong><\/p><\/div><\/td>\n<td style=\"width: 33.3333%; text-align: center; vertical-align: top;\">\n<div id=\"attachment_44454\" style=\"width: 220px\" class=\"wp-caption aligncenter\"><a href=\"https:\/\/networklobby.org\/wp-content\/uploads\/2025\/06\/Economy-for-All-Protest-Signs-White-Background-17-x-11-in-12.pdf\"><img loading=\"lazy\" decoding=\"async\" aria-describedby=\"caption-attachment-44454\" class=\"wp-image-44454\" src=\"https:\/\/networklobby.org\/wp-content\/uploads\/2025\/06\/36-300x251.png\" alt=\"Lleve el cartel de protesta Mesa m\u00e1s larga, no muros m\u00e1s altos a su pr\u00f3xima vigilia o marcha\" width=\"210\" height=\"176\" srcset=\"https:\/\/media.networklobby.org\/uploads\/2025\/06\/36-300x251.png 300w, https:\/\/media.networklobby.org\/uploads\/2025\/06\/36-768x644.png 768w, https:\/\/media.networklobby.org\/uploads\/2025\/06\/36-624x523.png 624w, https:\/\/media.networklobby.org\/uploads\/2025\/06\/36.png 940w\" sizes=\"auto, (max-width: 210px) 100vw, 210px\" \/><\/a><p id=\"caption-attachment-44454\" class=\"wp-caption-text\"><strong>Haga clic para descargar (fondo blanco)<\/strong><\/p><\/div><\/td>\n<td style=\"width: 33.3333%;\">\n<div id=\"attachment_44422\" style=\"width: 220px\" class=\"wp-caption alignnone\"><a href=\"https:\/\/networklobby.org\/wp-content\/uploads\/2025\/06\/4.png\"><img loading=\"lazy\" decoding=\"async\" aria-describedby=\"caption-attachment-44422\" class=\"wp-image-44422\" src=\"https:\/\/networklobby.org\/wp-content\/uploads\/2025\/06\/4-300x251.png\" alt=\"Haga saber a sus vecinos que la econom\u00eda de Dios no tiene multimillonarios con el cartel de protesta de NETWORK\" width=\"210\" height=\"176\" srcset=\"https:\/\/media.networklobby.org\/uploads\/2025\/06\/4-300x251.png 300w, https:\/\/media.networklobby.org\/uploads\/2025\/06\/4-768x644.png 768w, https:\/\/media.networklobby.org\/uploads\/2025\/06\/4-624x523.png 624w, https:\/\/media.networklobby.org\/uploads\/2025\/06\/4.png 940w\" sizes=\"auto, (max-width: 210px) 100vw, 210px\" \/><\/a><p id=\"caption-attachment-44422\" class=\"wp-caption-text\"><strong>Haga clic para descargar<\/strong><\/p><\/div><\/td>\n<\/tr>\n<\/tbody>\n<\/table>\n<p>M\u00e1s carteles imprimibles para su hogar, jard\u00edn o para llevar a su pr\u00f3ximo evento de resistencia (vigilia, marcha, etc.):<\/p>\n<ul>\n<li><span style=\"text-decoration: underline;\"><strong><a href=\"https:\/\/networklobby.org\/wp-content\/uploads\/2025\/06\/Economy-for-All-Protest-Signs-White-Background-17-x-11-in-10.pdf\" target=\"_blank\" rel=\"noopener\">Rechazar las deportaciones con fondo blanco<\/a><\/strong><\/span><\/li>\n<li><span style=\"text-decoration: underline;\"><strong><a href=\"https:\/\/networklobby.org\/wp-content\/uploads\/2025\/06\/Economy-for-All-Protest-Signs-White-Background-17-x-11-in-5.pdf\" target=\"_blank\" rel=\"noopener\">Cat\u00f3licos a favor de gravar a los multimillonarios<\/a><\/strong><\/span><\/li>\n<li><span style=\"text-decoration: underline;\"><strong><a href=\"https:\/\/networklobby.org\/wp-content\/uploads\/2025\/06\/Economy-for-All-Protest-Signs-White-Background-17-x-11-in-1.pdf\" target=\"_blank\" rel=\"noopener\">Renunciar a los multimillonarios para siempre con fondo blanco<\/a><\/strong><\/span><\/li>\n<li><span style=\"text-decoration: underline;\"><strong><a href=\"https:\/\/networklobby.org\/wp-content\/uploads\/2025\/06\/Economy-for-All-Protest-Signs-White-Background-17-x-11-in-2.pdf\" target=\"_blank\" rel=\"noopener\">La econom\u00eda de Dios no tiene multimillonarios con fondo blanco<\/a><\/strong><\/span><\/li>\n<li><span style=\"text-decoration: underline;\"><strong><a href=\"https:\/\/networklobby.org\/wp-content\/uploads\/2025\/06\/Economy-for-All-Protest-Signs-White-Background-17-x-11-in-3.pdf\" target=\"_blank\" rel=\"noopener\">Cat\u00f3licos a favor de Medicaid y SNAP con fondo blanco<\/a><\/strong><\/span><\/li>\n<\/ul>\n<p>Vuelva a consultar aqu\u00ed para obtener m\u00e1s carteles de protesta y gr\u00e1ficos para redes sociales. <span style=\"text-decoration: underline;\"><strong><a href=\"https:\/\/docs.google.com\/document\/d\/17FlFou_cx6a5OW_jPr-aKxDFcWMRNVbPATOXj6BJTbQ\/edit?usp=drive_link\">\u00a1Tambi\u00e9n puede encontrar m\u00e1s en nuestro kit de herramientas para redes sociales!<\/a><\/strong><\/span>[\/vc_column_text][vc_empty_space height=\u00bb100&#8243;][\/vc_column][\/vc_row][vc_row disable_element=\u00bbyes\u00bb css=\u00bb.vc_custom_1750335212383{margin-top: 30px !important;margin-right: 30px !important;margin-bottom: 30px !important;margin-left: 30px !important;padding-top: 30px !important;padding-right: 50px !important;padding-bottom: 50px !important;padding-left: 50px !important;}\u00bb][vc_column width=\u00bb1\/6&#8243;][vc_single_image image=\u00bb45121&#8243; alignment=\u00bbcenter\u00bb css=\u00bb.vc_custom_1750269469242{padding-top: 20px !important;padding-right: 20px !important;padding-bottom: 20px !important;padding-left: 20px !important;}\u00bb][\/vc_column][vc_column width=\u00bb1\/6&#8243;][vc_single_image image=\u00bb45124&#8243; alignment=\u00bbcenter\u00bb css=\u00bb.vc_custom_1750277844579{padding-top: 20px !important;padding-right: 20px !important;padding-bottom: 20px !important;padding-left: 20px !important;}\u00bb][vc_custom_heading text=\u00bbUna econom\u00eda para todos los recursos\u00bb font_container=\u00bbtag:h2|text_align:center|color:%230B052E\u00bb use_theme_fonts=\u00bbyes\u00bb css=\u00bb\u00bb][\/vc_column][vc_column width=\u00bb1\/6&#8243;][vc_single_image image=\u00bb45122&#8243; alignment=\u00bbcenter\u00bb css=\u00bb.vc_custom_1750277903916{padding-top: 20px !important;padding-right: 20px !important;padding-bottom: 20px !important;padding-left: 20px !important;}\u00bb][\/vc_column][vc_column width=\u00bb1\/6&#8243;][vc_single_image image=\u00bb45123&#8243; alignment=\u00bbcenter\u00bb css=\u00bb.vc_custom_1750269916100{padding-top: 20px !important;padding-right: 20px !important;padding-bottom: 20px !important;padding-left: 20px !important;}\u00bb][\/vc_column][vc_column width=\u00bb1\/6&#8243;][vc_single_image image=\u00bb45125&#8243; alignment=\u00bbcenter\u00bb css=\u00bb.vc_custom_1750278019132{padding-top: 20px !important;padding-right: 20px !important;padding-bottom: 20px !important;padding-left: 20px !important;}\u00bb][\/vc_column][vc_column width=\u00bb1\/6&#8243;][vc_single_image image=\u00bb45126&#8243; alignment=\u00bbcenter\u00bb css=\u00bb.vc_custom_1750284001765{padding-top: 20px !important;padding-right: 20px !important;padding-bottom: 20px !important;padding-left: 20px !important;}\u00bb][\/vc_column][\/vc_row]\n<\/div>","protected":false},"excerpt":{"rendered":"<p>[vc_row css=\u00bb.vc_custom_1750266803862{margin-bottom: -50px !important;}\u00bb][vc_column][vc_row_inner el_class=\u00bbholder\u00bb][vc_column_inner width=\u00bb1\/2&#8243;][vc_single_image image=\u00bb45118&#8243; img_size=\u00bbfull\u00bb css=\u00bb.vc_custom_1750266026155{margin-top: 30px !important;}\u00bb][vc_column_text css=\u00bb.vc_custom_1750268935440{padding-top: 20px !important;padding-bottom: 20px !important;}\u00bb]Durante d\u00e9cadas, las Hermanas Cat\u00f3licas y los buscadores de justicia llenos de fe han elegido [&hellip;]<\/p>\n","protected":false},"author":92,"featured_media":45119,"parent":0,"menu_order":0,"comment_status":"closed","ping_status":"closed","template":"","meta":{"_acf_changed":false,"footnotes":""},"class_list":["post-45115","page","type-page","status-publish","has-post-thumbnail","hentry"],"acf":[],"yoast_head":"<!-- This site is optimized with the Yoast SEO plugin v27.1.1 - https:\/\/yoast.com\/product\/yoast-seo-wordpress\/ -->\n<title>Agenda de una econom\u00eda para todos - NETWORK Lobby<\/title>\n<meta name=\"robots\" content=\"index, follow, max-snippet:-1, max-image-preview:large, max-video-preview:-1\" \/>\n<link rel=\"canonical\" href=\"https:\/\/networklobby.org\/es\/agenda-de-una-economia-para-todos\/\" \/>\n<meta property=\"og:locale\" content=\"es_ES\" \/>\n<meta property=\"og:type\" content=\"article\" \/>\n<meta property=\"og:title\" content=\"Agenda de una econom\u00eda para todos - NETWORK Lobby\" \/>\n<meta property=\"og:description\" content=\"[vc_row css=\u00bb.vc_custom_1750266803862{margin-bottom: -50px !important;}\u00bb][vc_column][vc_row_inner el_class=\u00bbholder\u00bb][vc_column_inner width=\u00bb1\/2&#8243;][vc_single_image image=\u00bb45118&#8243; img_size=\u00bbfull\u00bb css=\u00bb.vc_custom_1750266026155{margin-top: 30px !important;}\u00bb][vc_column_text css=\u00bb.vc_custom_1750268935440{padding-top: 20px !important;padding-bottom: 20px !important;}\u00bb]Durante d\u00e9cadas, las Hermanas Cat\u00f3licas y los buscadores de justicia llenos de fe han elegido [&hellip;]\" \/>\n<meta property=\"og:url\" content=\"https:\/\/networklobby.org\/es\/agenda-de-una-economia-para-todos\/\" \/>\n<meta property=\"og:site_name\" content=\"NETWORK Lobby\" \/>\n<meta property=\"article:modified_time\" content=\"2025-09-16T17:01:30+00:00\" \/>\n<meta property=\"og:image\" content=\"https:\/\/networklobby.org\/wp-content\/uploads\/2025\/02\/All-dark-blue-logo_Tagline.png\" \/>\n\t<meta property=\"og:image:width\" content=\"410\" \/>\n\t<meta property=\"og:image:height\" content=\"350\" \/>\n\t<meta property=\"og:image:type\" content=\"image\/png\" \/>\n<meta name=\"twitter:card\" content=\"summary_large_image\" \/>\n<meta name=\"twitter:label1\" content=\"Tiempo de lectura\" \/>\n\t<meta name=\"twitter:data1\" content=\"5 minutos\" \/>\n<script type=\"application\/ld+json\" class=\"yoast-schema-graph\">{\"@context\":\"https:\/\/schema.org\",\"@graph\":[{\"@type\":\"WebPage\",\"@id\":\"https:\/\/networklobby.org\/es\/agenda-de-una-economia-para-todos\/\",\"url\":\"https:\/\/networklobby.org\/es\/agenda-de-una-economia-para-todos\/\",\"name\":\"Agenda de una econom\u00eda para todos - NETWORK Lobby\",\"isPartOf\":{\"@id\":\"https:\/\/networklobby.org\/es\/#website\"},\"primaryImageOfPage\":{\"@id\":\"https:\/\/networklobby.org\/es\/agenda-de-una-economia-para-todos\/#primaryimage\"},\"image\":{\"@id\":\"https:\/\/networklobby.org\/es\/agenda-de-una-economia-para-todos\/#primaryimage\"},\"thumbnailUrl\":\"https:\/\/media.networklobby.org\/uploads\/2025\/02\/All-dark-blue-logo_Tagline.png\",\"datePublished\":\"2025-01-15T20:36:37+00:00\",\"dateModified\":\"2025-09-16T17:01:30+00:00\",\"breadcrumb\":{\"@id\":\"https:\/\/networklobby.org\/es\/agenda-de-una-economia-para-todos\/#breadcrumb\"},\"inLanguage\":\"es\",\"potentialAction\":[{\"@type\":\"ReadAction\",\"target\":[\"https:\/\/networklobby.org\/es\/agenda-de-una-economia-para-todos\/\"]}]},{\"@type\":\"ImageObject\",\"inLanguage\":\"es\",\"@id\":\"https:\/\/networklobby.org\/es\/agenda-de-una-economia-para-todos\/#primaryimage\",\"url\":\"https:\/\/media.networklobby.org\/uploads\/2025\/02\/All-dark-blue-logo_Tagline.png\",\"contentUrl\":\"https:\/\/media.networklobby.org\/uploads\/2025\/02\/All-dark-blue-logo_Tagline.png\",\"width\":410,\"height\":350},{\"@type\":\"BreadcrumbList\",\"@id\":\"https:\/\/networklobby.org\/es\/agenda-de-una-economia-para-todos\/#breadcrumb\",\"itemListElement\":[{\"@type\":\"ListItem\",\"position\":1,\"name\":\"Home\",\"item\":\"https:\/\/networklobby.org\/es\/\"},{\"@type\":\"ListItem\",\"position\":2,\"name\":\"Agenda de una econom\u00eda para todos\"}]},{\"@type\":\"WebSite\",\"@id\":\"https:\/\/networklobby.org\/es\/#website\",\"url\":\"https:\/\/networklobby.org\/es\/\",\"name\":\"NETWORK Lobby\",\"description\":\"NETWORK Lobby for Catholic Social Justice\",\"potentialAction\":[{\"@type\":\"SearchAction\",\"target\":{\"@type\":\"EntryPoint\",\"urlTemplate\":\"https:\/\/networklobby.org\/es\/?s={search_term_string}\"},\"query-input\":{\"@type\":\"PropertyValueSpecification\",\"valueRequired\":true,\"valueName\":\"search_term_string\"}}],\"inLanguage\":\"es\"}]}<\/script>\n<!-- \/ Yoast SEO plugin. -->","yoast_head_json":{"title":"Agenda de una econom\u00eda para todos - NETWORK Lobby","robots":{"index":"index","follow":"follow","max-snippet":"max-snippet:-1","max-image-preview":"max-image-preview:large","max-video-preview":"max-video-preview:-1"},"canonical":"https:\/\/networklobby.org\/es\/agenda-de-una-economia-para-todos\/","og_locale":"es_ES","og_type":"article","og_title":"Agenda de una econom\u00eda para todos - NETWORK Lobby","og_description":"[vc_row css=\u00bb.vc_custom_1750266803862{margin-bottom: -50px !important;}\u00bb][vc_column][vc_row_inner el_class=\u00bbholder\u00bb][vc_column_inner width=\u00bb1\/2&#8243;][vc_single_image image=\u00bb45118&#8243; img_size=\u00bbfull\u00bb css=\u00bb.vc_custom_1750266026155{margin-top: 30px !important;}\u00bb][vc_column_text css=\u00bb.vc_custom_1750268935440{padding-top: 20px !important;padding-bottom: 20px !important;}\u00bb]Durante d\u00e9cadas, las Hermanas Cat\u00f3licas y los buscadores de justicia llenos de fe han elegido [&hellip;]","og_url":"https:\/\/networklobby.org\/es\/agenda-de-una-economia-para-todos\/","og_site_name":"NETWORK Lobby","article_modified_time":"2025-09-16T17:01:30+00:00","og_image":[{"width":410,"height":350,"url":"https:\/\/networklobby.org\/wp-content\/uploads\/2025\/02\/All-dark-blue-logo_Tagline.png","type":"image\/png"}],"twitter_card":"summary_large_image","twitter_misc":{"Tiempo de lectura":"5 minutos"},"schema":{"@context":"https:\/\/schema.org","@graph":[{"@type":"WebPage","@id":"https:\/\/networklobby.org\/es\/agenda-de-una-economia-para-todos\/","url":"https:\/\/networklobby.org\/es\/agenda-de-una-economia-para-todos\/","name":"Agenda de una econom\u00eda para todos - NETWORK Lobby","isPartOf":{"@id":"https:\/\/networklobby.org\/es\/#website"},"primaryImageOfPage":{"@id":"https:\/\/networklobby.org\/es\/agenda-de-una-economia-para-todos\/#primaryimage"},"image":{"@id":"https:\/\/networklobby.org\/es\/agenda-de-una-economia-para-todos\/#primaryimage"},"thumbnailUrl":"https:\/\/media.networklobby.org\/uploads\/2025\/02\/All-dark-blue-logo_Tagline.png","datePublished":"2025-01-15T20:36:37+00:00","dateModified":"2025-09-16T17:01:30+00:00","breadcrumb":{"@id":"https:\/\/networklobby.org\/es\/agenda-de-una-economia-para-todos\/#breadcrumb"},"inLanguage":"es","potentialAction":[{"@type":"ReadAction","target":["https:\/\/networklobby.org\/es\/agenda-de-una-economia-para-todos\/"]}]},{"@type":"ImageObject","inLanguage":"es","@id":"https:\/\/networklobby.org\/es\/agenda-de-una-economia-para-todos\/#primaryimage","url":"https:\/\/media.networklobby.org\/uploads\/2025\/02\/All-dark-blue-logo_Tagline.png","contentUrl":"https:\/\/media.networklobby.org\/uploads\/2025\/02\/All-dark-blue-logo_Tagline.png","width":410,"height":350},{"@type":"BreadcrumbList","@id":"https:\/\/networklobby.org\/es\/agenda-de-una-economia-para-todos\/#breadcrumb","itemListElement":[{"@type":"ListItem","position":1,"name":"Home","item":"https:\/\/networklobby.org\/es\/"},{"@type":"ListItem","position":2,"name":"Agenda de una econom\u00eda para todos"}]},{"@type":"WebSite","@id":"https:\/\/networklobby.org\/es\/#website","url":"https:\/\/networklobby.org\/es\/","name":"NETWORK Lobby","description":"NETWORK Lobby for Catholic Social Justice","potentialAction":[{"@type":"SearchAction","target":{"@type":"EntryPoint","urlTemplate":"https:\/\/networklobby.org\/es\/?s={search_term_string}"},"query-input":{"@type":"PropertyValueSpecification","valueRequired":true,"valueName":"search_term_string"}}],"inLanguage":"es"}]}},"_links":{"self":[{"href":"https:\/\/networklobby.org\/es\/wp-json\/wp\/v2\/pages\/45115","targetHints":{"allow":["GET"]}}],"collection":[{"href":"https:\/\/networklobby.org\/es\/wp-json\/wp\/v2\/pages"}],"about":[{"href":"https:\/\/networklobby.org\/es\/wp-json\/wp\/v2\/types\/page"}],"author":[{"embeddable":true,"href":"https:\/\/networklobby.org\/es\/wp-json\/wp\/v2\/users\/92"}],"replies":[{"embeddable":true,"href":"https:\/\/networklobby.org\/es\/wp-json\/wp\/v2\/comments?post=45115"}],"version-history":[{"count":3,"href":"https:\/\/networklobby.org\/es\/wp-json\/wp\/v2\/pages\/45115\/revisions"}],"predecessor-version":[{"id":45130,"href":"https:\/\/networklobby.org\/es\/wp-json\/wp\/v2\/pages\/45115\/revisions\/45130"}],"wp:featuredmedia":[{"embeddable":true,"href":"https:\/\/networklobby.org\/es\/wp-json\/wp\/v2\/media\/45119"}],"wp:attachment":[{"href":"https:\/\/networklobby.org\/es\/wp-json\/wp\/v2\/media?parent=45115"}],"curies":[{"name":"wp","href":"https:\/\/api.w.org\/{rel}","templated":true}]}}